{"id":2181,"date":"2020-03-22T10:27:18","date_gmt":"2020-03-22T09:27:18","guid":{"rendered":"https:\/\/www.louisgazeau.fr\/clis\/?page_id=2181"},"modified":"2020-03-22T10:27:18","modified_gmt":"2020-03-22T09:27:18","slug":"idees-pour-soccuper-pendant-le-confinement","status":"publish","type":"page","link":"https:\/\/www.louisgazeau.fr\/clis\/idees-pour-soccuper-pendant-le-confinement\/","title":{"rendered":"Id\u00e9es pour s&#8217;occuper pendant le confinement"},"content":{"rendered":"<p>C&#8217;est ici que je recueillerai toutes vos id\u00e9es d&#8217;activit\u00e9s \u00e0 faire \u00e0 la maison pour que le temps passe plus vite !<\/p>\n","protected":false},"excerpt":{"rendered":"<p>C&#8217;est ici que je recueillerai toutes vos id\u00e9es d&#8217;activit\u00e9s \u00e0 faire \u00e0 la maison pour que le temps passe plus vite !<\/p>\n","protected":false},"author":1,"featured_media":0,"parent":0,"menu_order":0,"comment_status":"closed","ping_status":"closed","template":"","meta":{"spay_email":""},"uagb_featured_image_src":{"full":false,"thumbnail":false,"medium":false,"medium_large":false,"large":false,"1536x1536":false,"2048x2048":false,"post-thumbnail":false,"header":false,"slider":false,"custom":false,"jetpack-portfolio-admin-thumb":false},"uagb_author_info":{"display_name":"guillaume","author_link":"https:\/\/www.louisgazeau.fr\/clis\/author\/guillaume\/"},"uagb_comment_info":0,"uagb_excerpt":"C&#8217;est ici que je recueillerai toutes vos id\u00e9es d&#8217;activit\u00e9s \u00e0 faire \u00e0 la maison pour que le temps passe plus vite !","jetpack_sharing_enabled":true,"jetpack_shortlink":"https:\/\/wp.me\/P6NsfY-zb","_links":{"self":[{"href":"https:\/\/www.louisgazeau.fr\/clis\/wp-json\/wp\/v2\/pages\/2181"}],"collection":[{"href":"https:\/\/www.louisgazeau.fr\/clis\/wp-json\/wp\/v2\/pages"}],"about":[{"href":"https:\/\/www.louisgazeau.fr\/clis\/wp-json\/wp\/v2\/types\/page"}],"author":[{"embeddable":true,"href":"https:\/\/www.louisgazeau.fr\/clis\/wp-json\/wp\/v2\/users\/1"}],"replies":[{"embeddable":true,"href":"https:\/\/www.louisgazeau.fr\/clis\/wp-json\/wp\/v2\/comments?post=2181"}],"version-history":[{"count":1,"href":"https:\/\/www.louisgazeau.fr\/clis\/wp-json\/wp\/v2\/pages\/2181\/revisions"}],"predecessor-version":[{"id":2182,"href":"https:\/\/www.louisgazeau.fr\/clis\/wp-json\/wp\/v2\/pages\/2181\/revisions\/2182"}],"wp:attachment":[{"href":"https:\/\/www.louisgazeau.fr\/clis\/wp-json\/wp\/v2\/media?parent=2181"}],"curies":[{"name":"wp","href":"https:\/\/api.w.org\/{rel}","templated":true}]}}