{"id":2179,"date":"2020-03-22T10:25:48","date_gmt":"2020-03-22T09:25:48","guid":{"rendered":"https:\/\/www.louisgazeau.fr\/clis\/?page_id=2179"},"modified":"2020-03-31T11:01:56","modified_gmt":"2020-03-31T10:01:56","slug":"journal-du-confinement","status":"publish","type":"page","link":"https:\/\/www.louisgazeau.fr\/clis\/journal-du-confinement\/","title":{"rendered":"Journal du confinement"},"content":{"rendered":"<p>L&#8217;id\u00e9e de cette page est de regrouper toutes nos productions pour \u00e9crire un grand journal collectif de p\u00e9riode \u00e9trange. N&#8217;h\u00e9sitez pas \u00e0 participer \u00e0 l&#8217;\u00e9crit (principalement) ou \u00e0 l&#8217;oral dans le cas d&#8217;un passage \u00e0 l&#8217;\u00e9crit trop difficile.<\/p>\n<p>N&#8217;ayez pas peur de vous lancer, de commencer par deux ou trois phrases&#8230; Bon travail \u00e0 vous !!!<\/p>\n<h2>Journal de la troisi\u00e8me semaine :<\/h2>\n<h3>Guillaume :<\/h3>\n<blockquote><p>Lundi 30 mars, j&#8217;ai commenc\u00e9 par une sortie sportive autour de la maison (pas plus d&#8217;une heure&#8230;). Ensuite, j&#8217;ai fait les corrections des travaux re\u00e7us avant de renvoyer aux \u00e9l\u00e8ves le corrig\u00e9 g\u00e9n\u00e9ral et leurs propres travaux corrig\u00e9s. J&#8217;ai continu\u00e9 avec la pr\u00e9paration des plannings de travail du groupe bleu et du groupe jaune. L&#8217;apr\u00e8s-midi a commenc\u00e9 avec une petite s\u00e9ance de jeu de soci\u00e9t\u00e9 en famille (du Tac-Tic), poursuite du travail sur les plannings de travail des groupes. En fin d&#8217;apr\u00e8s-midi, rencontre &#8220;virtuelle&#8221; de coll\u00e8gues pour d\u00e9briefer la journ\u00e9e de travail.<\/p><\/blockquote>\n<h2>Journal de la deuxi\u00e8me semaine :<\/h2>\n<h3>Evan :<\/h3>\n<blockquote><p>\nLe matin, je fais mes le\u00e7ons, apr\u00e8s je joue avec mon fr\u00e8re au v\u00e9lo.<br \/>\nAujourd\u2019hui, le 25\/03, je regarde France 4 pour les devoirs et fais mes le\u00e7ons. Apr\u00e8s nous mangeons un bonbon.<br \/>\nMa petite s\u0153ur a eu 4 ans aujourd\u2019hui. Je fais des wheels avec mon v\u00e9lo ! Ils sont beaux. J\u2019ai fait le jardin pour trouver des vers de terre.<\/p><\/blockquote>\n<h3>Kylian (G) :<\/h3>\n<blockquote><p>Aujourd&#8217;hui, nous sommes en confinement. Je joue aux jeux de soci\u00e9t\u00e9, je regarde les dessins anim\u00e9s, je fais mes devoirs.<\/p><\/blockquote>\n<h3>Guillaume.<\/h3>\n<blockquote><p>Lundi 23 commence par un peu de sport. Quelques kilom\u00e8tres de course \u00e0 pieds avec le lever du soleil. Pr\u00e9paration et essais de la classe virtuelle de 10h30. Tout semble fonctionner. J&#8217;attends impatiemment de revoir mes \u00e9l\u00e8ves. 10h20, les premiers connect\u00e9s sont l\u00e0, tout semble bien se passer sauf la connexion \u00e0 Internet qui fait des siennes mais bon, cela n&#8217;emp\u00eache pas que nous ayons pu \u00e9changer agr\u00e9ablement. Pendant cette &#8220;r\u00e9union&#8221;, j&#8217;ai pu noter quelques &#8220;trucs&#8221; \u00e0 faire&#8230; De quoi occuper le reste de la journ\u00e9e entre pr\u00e9paration de la journ\u00e9e de mardi, r\u00e9alisations de tutos vid\u00e9o, mise \u00e0 jour de la page des ressources pour les \u00e9l\u00e8ves (Il y a en d&#8217;autre qui va arriver !).<\/p>\n<p>Mardi 24. Debout avant le soleil. D\u00e9part en course \u00e0 pieds avec les premi\u00e8res rayons du soleil dans la fraicheur et le calme du petit matin. Retour \u00e0 la maison. Correction des travaux arriv\u00e9s le soir et le matin. Pr\u00e9paration des journ\u00e9es de mercredi et jeudi. Corrections des travaux qui sont arriv\u00e9s dans la matin\u00e9e. L&#8217;apr\u00e8s-midi, activit\u00e9 &#8220;techno&#8221;. Fabrication 100% maison d&#8217;un &#8220;home trainer&#8221;, un support pour faire du v\u00e9lo \u00e0 la maison, sans sortir ! Le prototype fonctionne plut\u00f4t mais il reste \u00e0 ajuster le balancement de la roue arri\u00e8re qui d\u00e9stabilise lorsque l&#8217;on p\u00e9dale un peu fort.<\/p><\/blockquote>\n<p>&nbsp;<\/p>\n<h2>Journal de la premi\u00e8re semaine :<\/h2>\n<h3>Jessica.<\/h3>\n<blockquote><p>J\u2019ai regard\u00e9 Narnia 1 et 2.<br \/>\nDimanche apr\u00e8s-midi, nous avons jou\u00e9 \u00e0 un jeu de soci\u00e9t\u00e9 en famille. J\u2019ai aussi jou\u00e9 dehors car il faisait beau. Pour le moment, nous n\u2019avons plus la t\u00e9l\u00e9 car il n\u2019y a plus de connexion.<\/p><\/blockquote>\n<h3>Guillaume.<\/h3>\n<blockquote><p>Premi\u00e8re semaine de confinement&#8230; C&#8217;\u00e9tait \u00e9trange de venir \u00e0 l&#8217;\u00e9cole en ce lundi matin sans qu&#8217;il y ait de bruit, sans qu&#8217;il y ait d&#8217;agitation, sans entendre un enfant&#8230; Apr\u00e8s une rapide r\u00e9union, j&#8217;ai aid\u00e9 \u00e0 mieux utiliser des outils informatiques dans le but d&#8217;assurer la &#8220;continuit\u00e9&#8221; entre \u00e9cole et \u00e9l\u00e8ves. Ensuite, retour \u00e0 la maison et d\u00e9but d&#8217;organisation pour essayer de pr\u00e9parer au mieux la journ\u00e9e des \u00e9l\u00e8ves pour le lendemain. J&#8217;ai principalement travaill\u00e9 au bureau, musique au casque sur les oreilles.<\/p>\n<p>Deuxi\u00e8me jour de fermeture de l&#8217;\u00e9cole et premier vrai jour de confinement. La journ\u00e9e par de la pr\u00e9paration de travail avant le lever du jour. Avec le soleil, d\u00e9part pour pr\u00e8s de 13km de course \u00e0 pieds. Une derni\u00e8re course sans devoir avoir sur soi son &#8220;passe&#8221; et sa carte d&#8217;identit\u00e9&#8230; une autre p\u00e9riode. Retour \u00e0 la maison puis \u00e0 l&#8217;\u00e9cole pour pr\u00e9parer des fournitures scolaires \u00e0 d\u00e9poser \u00e0 un \u00e9l\u00e8ve. La journ\u00e9e continue en alternant entre travail pr\u00e9paratoire et coups de fil aux familles. Le soir, r\u00e9union en vid\u00e9o avec des coll\u00e8gues pour faire le point sur cette premi\u00e8re v\u00e9ritable journ\u00e9e d&#8217;un autre type.<\/p>\n<p>Mercredi, jeudi et vendredi, le travail est la principal occupation de la journ\u00e9e. La matin\u00e9e commence par la r\u00e9daction des corrections du travail de la veille. Ensuite, c&#8217;est le moment de la correction du travail des \u00e9l\u00e8ves. Petit d\u00e9jeuner, remise au travail&#8230; Mine de rien, pr\u00e9parer tout le travail pour les diff\u00e9rents groupes de la classe n&#8217;est pas si facile&#8230; Au fur et \u00e0 mesure de la journ\u00e9e arrivent des emails professionnels avec de nouvelles consignes&#8230;<\/p>\n<p>Premier week-end de confinement.<br \/>\nC&#8217;est une nouveaut\u00e9, pour moi, comme pour vous. Samedi, pas de travail, c&#8217;est la tr\u00eave&#8230; j&#8217;aurai tout le temps de m&#8217;y remettre le dimanche. C&#8217;est le moment de se vider la t\u00eate et de se faire plaisir : jardin, musique, jeux vid\u00e9o, lecture et petite s\u00e9ance &#8220;cin\u00e9&#8221; en famille.<\/p>\n<p>Dimanche, reprise du travail avec les corrections arriv\u00e9es entre vendredi matin et samedi soir. Le rythme est tranquille&#8230;<\/p><\/blockquote>\n<p>&nbsp;<\/p>\n","protected":false},"excerpt":{"rendered":"<p>L&#8217;id\u00e9e de cette page est de regrouper toutes nos productions pour \u00e9crire un grand journal collectif de p\u00e9riode \u00e9trange. N&#8217;h\u00e9sitez pas \u00e0 participer \u00e0 l&#8217;\u00e9crit (principalement) ou \u00e0 l&#8217;oral dans le cas d&#8217;un passage \u00e0 l&#8217;\u00e9crit trop difficile. N&#8217;ayez pas peur de vous lancer, de commencer par deux ou trois&#8230; <a class=\"continue-reading-link\" href=\"https:\/\/www.louisgazeau.fr\/clis\/journal-du-confinement\/\"> Continue reading <span class=\"meta-nav\">&rarr; <\/span><\/a><\/p>\n","protected":false},"author":1,"featured_media":0,"parent":0,"menu_order":0,"comment_status":"closed","ping_status":"closed","template":"","meta":{"spay_email":""},"uagb_featured_image_src":{"full":false,"thumbnail":false,"medium":false,"medium_large":false,"large":false,"1536x1536":false,"2048x2048":false,"post-thumbnail":false,"header":false,"slider":false,"custom":false,"jetpack-portfolio-admin-thumb":false},"uagb_author_info":{"display_name":"guillaume","author_link":"https:\/\/www.louisgazeau.fr\/clis\/author\/guillaume\/"},"uagb_comment_info":0,"uagb_excerpt":"L&#8217;id\u00e9e de cette page est de regrouper toutes nos productions pour \u00e9crire un grand journal collectif de p\u00e9riode \u00e9trange. N&#8217;h\u00e9sitez pas \u00e0 participer \u00e0 l&#8217;\u00e9crit (principalement) ou \u00e0 l&#8217;oral dans le cas d&#8217;un passage \u00e0 l&#8217;\u00e9crit trop difficile. N&#8217;ayez pas peur de vous lancer, de commencer par deux ou trois... Continue reading &rarr;","jetpack_sharing_enabled":true,"jetpack_shortlink":"https:\/\/wp.me\/P6NsfY-z9","_links":{"self":[{"href":"https:\/\/www.louisgazeau.fr\/clis\/wp-json\/wp\/v2\/pages\/2179"}],"collection":[{"href":"https:\/\/www.louisgazeau.fr\/clis\/wp-json\/wp\/v2\/pages"}],"about":[{"href":"https:\/\/www.louisgazeau.fr\/clis\/wp-json\/wp\/v2\/types\/page"}],"author":[{"embeddable":true,"href":"https:\/\/www.louisgazeau.fr\/clis\/wp-json\/wp\/v2\/users\/1"}],"replies":[{"embeddable":true,"href":"https:\/\/www.louisgazeau.fr\/clis\/wp-json\/wp\/v2\/comments?post=2179"}],"version-history":[{"count":9,"href":"https:\/\/www.louisgazeau.fr\/clis\/wp-json\/wp\/v2\/pages\/2179\/revisions"}],"predecessor-version":[{"id":2244,"href":"https:\/\/www.louisgazeau.fr\/clis\/wp-json\/wp\/v2\/pages\/2179\/revisions\/2244"}],"wp:attachment":[{"href":"https:\/\/www.louisgazeau.fr\/clis\/wp-json\/wp\/v2\/media?parent=2179"}],"curies":[{"name":"wp","href":"https:\/\/api.w.org\/{rel}","templated":true}]}}