{"id":2145,"date":"2020-03-17T05:21:29","date_gmt":"2020-03-17T04:21:29","guid":{"rendered":"https:\/\/www.louisgazeau.fr\/clis\/?page_id=2145"},"modified":"2020-03-23T14:48:08","modified_gmt":"2020-03-23T13:48:08","slug":"ressources-pour-les-eleves","status":"publish","type":"page","link":"https:\/\/www.louisgazeau.fr\/clis\/ressources-pour-les-eleves\/","title":{"rendered":"Ressources pour les \u00e9l\u00e8ves"},"content":{"rendered":"<p><img data-attachment-id=\"2196\" data-permalink=\"https:\/\/www.louisgazeau.fr\/clis\/ressources-pour-les-eleves\/bureaurange\/\" data-orig-file=\"https:\/\/i0.wp.com\/www.louisgazeau.fr\/clis\/wp-content\/uploads\/2020\/03\/BureauRange.jpg?fit=1500%2C750&amp;ssl=1\" data-orig-size=\"1500,750\" data-comments-opened=\"1\" data-image-meta=\"{&quot;aperture&quot;:&quot;0&quot;,&quot;credit&quot;:&quot;&quot;,&quot;camera&quot;:&quot;&quot;,&quot;caption&quot;:&quot;&quot;,&quot;created_timestamp&quot;:&quot;0&quot;,&quot;copyright&quot;:&quot;&quot;,&quot;focal_length&quot;:&quot;0&quot;,&quot;iso&quot;:&quot;0&quot;,&quot;shutter_speed&quot;:&quot;0&quot;,&quot;title&quot;:&quot;&quot;,&quot;orientation&quot;:&quot;1&quot;}\" data-image-title=\"BureauRange\" data-image-description=\"\" data-medium-file=\"https:\/\/i0.wp.com\/www.louisgazeau.fr\/clis\/wp-content\/uploads\/2020\/03\/BureauRange.jpg?fit=300%2C150&amp;ssl=1\" data-large-file=\"https:\/\/i0.wp.com\/www.louisgazeau.fr\/clis\/wp-content\/uploads\/2020\/03\/BureauRange.jpg?fit=800%2C400&amp;ssl=1\" loading=\"lazy\" class=\"aligncenter wp-image-2196\" src=\"https:\/\/i0.wp.com\/www.louisgazeau.fr\/clis\/wp-content\/uploads\/2020\/03\/BureauRange.jpg?resize=400%2C200&#038;ssl=1\" alt=\"\" width=\"400\" height=\"200\" srcset=\"https:\/\/i0.wp.com\/www.louisgazeau.fr\/clis\/wp-content\/uploads\/2020\/03\/BureauRange.jpg?resize=1024%2C512&amp;ssl=1 1024w, https:\/\/i0.wp.com\/www.louisgazeau.fr\/clis\/wp-content\/uploads\/2020\/03\/BureauRange.jpg?resize=300%2C150&amp;ssl=1 300w, https:\/\/i0.wp.com\/www.louisgazeau.fr\/clis\/wp-content\/uploads\/2020\/03\/BureauRange.jpg?resize=768%2C384&amp;ssl=1 768w, https:\/\/i0.wp.com\/www.louisgazeau.fr\/clis\/wp-content\/uploads\/2020\/03\/BureauRange.jpg?resize=150%2C75&amp;ssl=1 150w, https:\/\/i0.wp.com\/www.louisgazeau.fr\/clis\/wp-content\/uploads\/2020\/03\/BureauRange.jpg?resize=250%2C125&amp;ssl=1 250w, https:\/\/i0.wp.com\/www.louisgazeau.fr\/clis\/wp-content\/uploads\/2020\/03\/BureauRange.jpg?w=1500&amp;ssl=1 1500w\" sizes=\"(max-width: 400px) 100vw, 400px\" data-recalc-dims=\"1\" \/><\/p>\n<h2>Fran\u00e7ais :<\/h2>\n<h3>Lecture :<\/h3>\n<ul>\n<li>Livres gratuits \u00e0 lire : <a href=\"https:\/\/litterature-jeunesse-libre.fr\/bbs\/\" target=\"_blank\" rel=\"noopener noreferrer\">https:\/\/litterature-jeunesse-libre.fr\/bbs\/<\/a><\/li>\n<li>Livres AUDIO gratuits : <a href=\"https:\/\/stories.audible.com\/discovery\/enterprise-discovery-21122523011?ref=adbl_ent_anon_ds_ds_dccs_sbtp-0-6\" target=\"_blank\" rel=\"noopener noreferrer\">https:\/\/stories.audible.com\/discovery\/enterprise-discovery-21122523011?ref=adbl_ent_anon_ds_ds_dccs_sbtp-0-6<\/a><\/li>\n<li>Des livres gratuits \u00e0 lire de niveau adapt\u00e9 \u00e0 chaque enfant : <a href=\"https:\/\/boukili.ca\/fr\" target=\"_blank\" rel=\"noopener noreferrer\">https:\/\/boukili.ca\/fr<\/a> (besoin de se cr\u00e9er un compte GRATUIT)<\/li>\n<\/ul>\n<h3>Apprentissage de la lecture :<\/h3>\n<ul>\n<li><strong>Lalilo<\/strong> : <a href=\"https:\/\/www.lalilo.com\/\" target=\"_blank\" rel=\"noopener noreferrer\">www.lalilo.com<\/a> Le code de la classe pour suivre son travail est HVGBKG (ATTENTION, ne fonctionne sur smartphone \ud83d\ude41 )<\/li>\n<li>Apprentissage des lettres : <strong>LogicielEducatif<\/strong> : <a href=\"https:\/\/www.logicieleducatif.fr\/francais\/lettres_sons\/apprendre-lettres-grenouilles.php\" target=\"_blank\" rel=\"noopener noreferrer\">https:\/\/www.logicieleducatif.fr\/francais\/lettres_sons\/apprendre-lettres-grenouilles.php<\/a><\/li>\n<li>L&#8217;ordre alphab\u00e9tique : <strong>LogicielEducatif<\/strong> : <a href=\"https:\/\/www.logicieleducatif.fr\/francais\/vocabulaire\/alphabet.php\" target=\"_blank\" rel=\"noopener noreferrer\">https:\/\/www.logicieleducatif.fr\/francais\/vocabulaire\/alphabet.php<\/a><\/li>\n<\/ul>\n<p>Dictionnaires :<\/p>\n<ul>\n<li>Le site du <strong>Dictionnaire Larousse<\/strong> : <a href=\"https:\/\/www.larousse.fr\/dictionnaires\/francais-monolingue\" target=\"_blank\" rel=\"noopener noreferrer\">https:\/\/www.larousse.fr\/dictionnaires\/francais-monolingue<\/a><\/li>\n<li>Le <strong>conjugateur<\/strong> sur le site de <strong>Larousse<\/strong> : <a href=\"https:\/\/www.larousse.fr\/conjugaison\" target=\"_blank\" rel=\"noopener noreferrer\">https:\/\/www.larousse.fr\/conjugaison<\/a><\/li>\n<\/ul>\n<h2>Math\u00e9matiques :<\/h2>\n<h3>Le\u00e7ons :<\/h3>\n<ul>\n<li>La <strong>soustraction<\/strong>.<a href=\"https:\/\/bit.ly\/lg_soustraction\" target=\"_blank\" rel=\"noopener noreferrer\"> Sans retenue (vid\u00e9o)<\/a>. Avec retenue : <a href=\"https:\/\/bit.ly\/lg_soustrac1\" target=\"_blank\" rel=\"noopener noreferrer\">Vid\u00e9o 1<\/a> \/ <a href=\"https:\/\/bit.ly\/lg_soustrac2\" target=\"_blank\" rel=\"noopener noreferrer\">Vid\u00e9o 2<\/a><\/li>\n<\/ul>\n<h3>Exercices :<\/h3>\n<ul>\n<li><strong>Soutien67<\/strong> : <a href=\"http:\/\/soutien67.free.fr\/defi\/defi.htm#ma\" target=\"_blank\" rel=\"noopener noreferrer\">http:\/\/soutien67.free.fr\/defi\/defi.htm#ma<\/a><\/li>\n<\/ul>\n<h2>Activit\u00e9s diverses :<\/h2>\n<ul>\n<li>Questionner le monde : <strong>C&#8217;est pas Sorcier<\/strong>, sur YouTube : <a href=\"https:\/\/www.youtube.com\/user\/cestpassorcierftv\" target=\"_blank\" rel=\"noopener noreferrer\">https:\/\/www.youtube.com\/user\/cestpassorcierftv<\/a><\/li>\n<li><strong>Il \u00e9tait une fois<\/strong> (la vie, l&#8217;Homme, l&#8217;Histoire&#8230;), sur YouTube : <a href=\"https:\/\/www.youtube.com\/user\/procidis\" target=\"_blank\" rel=\"noopener noreferrer\">https:\/\/www.youtube.com\/user\/procidis<\/a><\/li>\n<li>Musique : <strong>Les instruments de l&#8217;orchestre<\/strong> : <a href=\"https:\/\/www.francemusique.fr\/dossiers\/primaire-college-decouvrir-les-instruments\" target=\"_blank\" rel=\"noopener noreferrer\">https:\/\/www.francemusique.fr\/dossiers\/primaire-college-decouvrir-les-instruments<\/a><\/li>\n<li>Histoire <strong>: LogicielEducatif<\/strong> : <a href=\"https:\/\/www.logicieleducatif.fr\/eveil\/histoire\/histoire.php\" target=\"_blank\" rel=\"noopener noreferrer\">https:\/\/www.logicieleducatif.fr\/eveil\/histoire\/histoire.php<\/a><\/li>\n<li>G\u00e9ographie &#8211; Villes de France : <strong>LogicielEducatif<\/strong> : <a href=\"https:\/\/www.logicieleducatif.fr\/eveil\/geographie\/villes_france.php\" target=\"_blank\" rel=\"noopener noreferrer\">https:\/\/www.logicieleducatif.fr\/eveil\/geographie\/villes_france.php<\/a><\/li>\n<li>G\u00e9ographie &#8211; Jeu des r\u00e9gions : <strong>LogicielEducatif<\/strong> : <a href=\"https:\/\/www.logicieleducatif.fr\/eveil\/geographie\/regions-approfondissement.php\" target=\"_blank\" rel=\"noopener noreferrer\">https:\/\/www.logicieleducatif.fr\/eveil\/geographie\/regions-approfondissement.php<\/a><\/li>\n<\/ul>\n<p>&nbsp;<\/p>\n","protected":false},"excerpt":{"rendered":"<p>Fran\u00e7ais : Lecture : Livres gratuits \u00e0 lire : https:\/\/litterature-jeunesse-libre.fr\/bbs\/ Livres AUDIO gratuits : https:\/\/stories.audible.com\/discovery\/enterprise-discovery-21122523011?ref=adbl_ent_anon_ds_ds_dccs_sbtp-0-6 Des livres gratuits \u00e0 lire de niveau adapt\u00e9 \u00e0 chaque enfant : https:\/\/boukili.ca\/fr (besoin de se cr\u00e9er un compte GRATUIT) Apprentissage de la lecture : Lalilo : www.lalilo.com Le code de la classe pour suivre&#8230; <a class=\"continue-reading-link\" href=\"https:\/\/www.louisgazeau.fr\/clis\/ressources-pour-les-eleves\/\"> Continue reading <span class=\"meta-nav\">&rarr; <\/span><\/a><\/p>\n","protected":false},"author":1,"featured_media":0,"parent":0,"menu_order":0,"comment_status":"closed","ping_status":"closed","template":"templates\/template-onecolumn.php","meta":{"spay_email":""},"uagb_featured_image_src":{"full":false,"thumbnail":false,"medium":false,"medium_large":false,"large":false,"1536x1536":false,"2048x2048":false,"post-thumbnail":false,"header":false,"slider":false,"custom":false,"jetpack-portfolio-admin-thumb":false},"uagb_author_info":{"display_name":"guillaume","author_link":"https:\/\/www.louisgazeau.fr\/clis\/author\/guillaume\/"},"uagb_comment_info":0,"uagb_excerpt":"Fran\u00e7ais : Lecture : Livres gratuits \u00e0 lire : https:\/\/litterature-jeunesse-libre.fr\/bbs\/ Livres AUDIO gratuits : https:\/\/stories.audible.com\/discovery\/enterprise-discovery-21122523011?ref=adbl_ent_anon_ds_ds_dccs_sbtp-0-6 Des livres gratuits \u00e0 lire de niveau adapt\u00e9 \u00e0 chaque enfant : https:\/\/boukili.ca\/fr (besoin de se cr\u00e9er un compte GRATUIT) Apprentissage de la lecture : Lalilo : www.lalilo.com Le code de la classe pour suivre... Continue reading &rarr;","jetpack_sharing_enabled":true,"jetpack_shortlink":"https:\/\/wp.me\/P6NsfY-yB","_links":{"self":[{"href":"https:\/\/www.louisgazeau.fr\/clis\/wp-json\/wp\/v2\/pages\/2145"}],"collection":[{"href":"https:\/\/www.louisgazeau.fr\/clis\/wp-json\/wp\/v2\/pages"}],"about":[{"href":"https:\/\/www.louisgazeau.fr\/clis\/wp-json\/wp\/v2\/types\/page"}],"author":[{"embeddable":true,"href":"https:\/\/www.louisgazeau.fr\/clis\/wp-json\/wp\/v2\/users\/1"}],"replies":[{"embeddable":true,"href":"https:\/\/www.louisgazeau.fr\/clis\/wp-json\/wp\/v2\/comments?post=2145"}],"version-history":[{"count":16,"href":"https:\/\/www.louisgazeau.fr\/clis\/wp-json\/wp\/v2\/pages\/2145\/revisions"}],"predecessor-version":[{"id":2204,"href":"https:\/\/www.louisgazeau.fr\/clis\/wp-json\/wp\/v2\/pages\/2145\/revisions\/2204"}],"wp:attachment":[{"href":"https:\/\/www.louisgazeau.fr\/clis\/wp-json\/wp\/v2\/media?parent=2145"}],"curies":[{"name":"wp","href":"https:\/\/api.w.org\/{rel}","templated":true}]}}